{"id":10,"date":"2025-04-24T19:18:52","date_gmt":"2025-04-24T19:18:52","guid":{"rendered":"https:\/\/studiolishdesign.hr\/?page_id=10"},"modified":"2026-05-15T10:09:54","modified_gmt":"2026-05-15T10:09:54","slug":"o-firmi","status":"publish","type":"page","link":"https:\/\/studiolishdesign.hr\/","title":{"rendered":"Naslovna"},"content":{"rendered":"\n<figure class=\"wp-block-image size-large is-resized is-style-default\"><img decoding=\"async\" src=\"https:\/\/studiolishdesign.hr\/wp-content\/uploads\/2025\/04\/unnamed-1-1024x577.png\" alt=\"\" class=\"wp-image-28\" style=\"aspect-ratio:24.00810185185185;width:648px;height:auto\"\/><\/figure>\n\n\n\n<p>Dobrodo\u0161li u Studio Lish Design, mjesto gdje se strast prema dizajnu spaja s dubokim po\u0161tovanjem prema okoli\u0161u. Studio Lish Design vi\u0161e je od modnog studija i \u0161kole \u0161ivanja \u2013 cilj je stvoriti zajednicu kreativaca koji vjeruju u snagu odr\u017eivosti i vrijednost ru\u010dno ra\u0111enog.<\/p>\n\n\n\n<p>Pod brendom LI.SH, nastaje odje\u0107a koja traje. LI.SH multifunkcionalni odjevni predmeti, izra\u0111eni od najkvalitetnijih materijala, dizajnirani su da budu temelj va\u0161eg ormara, promi\u010du\u0107i ideju &#8220;manje je vi\u0161e&#8221;. Iako nisu svi odjevni predmeti u ponudi multifunkcionalni, svaki komad odra\u017eava&nbsp; posve\u0107enost kvaliteti, udobnosti i bezvremenskom stilu.<\/p>\n\n\n\n<p>Kroz THrEad ALCHEMY (hobi te\u010dajevi i radionice \u0161ivanja) dijelimo&nbsp; ljubav prema zanatu i poti\u010demo cirkularnu ekonomiju. Koriste\u0107i otpadne tkanine koje nastaju u proizvodnji branda LI.SH, pretvaramo ono \u0161to bi ina\u010de zavr\u0161ilo na otpadu u nove, jedinstvene kreacije. Pridru\u017eite nam se u otkrivanju \u010darolije stvaranja i nau\u010dite kako svojim rukama dati novi \u017eivot tkaninama koje bi zavr\u0161ile kao otpad.<\/p>\n\n\n\n<p>Studio Lish Design dokaz je da moda i odr\u017eivost mogu i\u0107i ruku pod ruku. Misija tvrtke je inspirirati vas da gradite svjesniji i kreativniji odnos prema odijevanju i stvaranju. Istra\u017eite LI.SH kolekciju, pridru\u017eite se THrEad ALCHEMY radionicama i postanite dio pri\u010de o odr\u017eivoj modi.<\/p>\n","protected":false},"excerpt":{"rendered":"<p>Dobrodo\u0161li u Studio Lish Design, mjesto gdje se strast prema dizajnu spaja s dubokim po\u0161tovanjem prema okoli\u0161u. Studio Lish Design&#8230;<\/p>\n","protected":false},"author":1,"featured_media":0,"parent":0,"menu_order":0,"comment_status":"closed","ping_status":"closed","template":"","meta":{"footnotes":""},"class_list":["post-10","page","type-page","status-publish","hentry"],"yoast_head":"<!-- This site is optimized with the Yoast SEO plugin v27.6 - https:\/\/yoast.com\/product\/yoast-seo-wordpress\/ -->\n<title>Naslovna - Studio Lish Design<\/title>\n<meta name=\"robots\" content=\"index, follow, max-snippet:-1, max-image-preview:large, max-video-preview:-1\" \/>\n<link rel=\"canonical\" href=\"https:\/\/studiolishdesign.hr\/\" \/>\n<meta property=\"og:locale\" content=\"en_US\" \/>\n<meta property=\"og:type\" content=\"article\" \/>\n<meta property=\"og:title\" content=\"Naslovna - Studio Lish Design\" \/>\n<meta property=\"og:description\" content=\"Dobrodo\u0161li u Studio Lish Design, mjesto gdje se strast prema dizajnu spaja s dubokim po\u0161tovanjem prema okoli\u0161u. Studio Lish Design...\" \/>\n<meta property=\"og:url\" content=\"https:\/\/studiolishdesign.hr\/\" \/>\n<meta property=\"og:site_name\" content=\"Studio Lish Design\" \/>\n<meta property=\"article:modified_time\" content=\"2026-05-15T10:09:54+00:00\" \/>\n<meta name=\"twitter:card\" content=\"summary_large_image\" \/>\n<meta name=\"twitter:label1\" content=\"Est. reading time\" \/>\n\t<meta name=\"twitter:data1\" content=\"2 minutes\" \/>\n<script type=\"application\/ld+json\" class=\"yoast-schema-graph\">{\"@context\":\"https:\\\/\\\/schema.org\",\"@graph\":[{\"@type\":\"WebPage\",\"@id\":\"https:\\\/\\\/studiolishdesign.hr\\\/\",\"url\":\"https:\\\/\\\/studiolishdesign.hr\\\/\",\"name\":\"Naslovna - Studio Lish Design\",\"isPartOf\":{\"@id\":\"https:\\\/\\\/studiolishdesign.hr\\\/#website\"},\"primaryImageOfPage\":{\"@id\":\"https:\\\/\\\/studiolishdesign.hr\\\/#primaryimage\"},\"image\":{\"@id\":\"https:\\\/\\\/studiolishdesign.hr\\\/#primaryimage\"},\"thumbnailUrl\":\"https:\\\/\\\/studiolishdesign.hr\\\/wp-content\\\/uploads\\\/2025\\\/04\\\/unnamed-1-1024x577.png\",\"datePublished\":\"2025-04-24T19:18:52+00:00\",\"dateModified\":\"2026-05-15T10:09:54+00:00\",\"breadcrumb\":{\"@id\":\"https:\\\/\\\/studiolishdesign.hr\\\/#breadcrumb\"},\"inLanguage\":\"en-US\",\"potentialAction\":[{\"@type\":\"ReadAction\",\"target\":[\"https:\\\/\\\/studiolishdesign.hr\\\/\"]}]},{\"@type\":\"ImageObject\",\"inLanguage\":\"en-US\",\"@id\":\"https:\\\/\\\/studiolishdesign.hr\\\/#primaryimage\",\"url\":\"\",\"contentUrl\":\"\"},{\"@type\":\"BreadcrumbList\",\"@id\":\"https:\\\/\\\/studiolishdesign.hr\\\/#breadcrumb\",\"itemListElement\":[{\"@type\":\"ListItem\",\"position\":1,\"name\":\"Home\",\"item\":\"https:\\\/\\\/studiolishdesign.hr\\\/\"},{\"@type\":\"ListItem\",\"position\":2,\"name\":\"Naslovna\"}]},{\"@type\":\"WebSite\",\"@id\":\"https:\\\/\\\/studiolishdesign.hr\\\/#website\",\"url\":\"https:\\\/\\\/studiolishdesign.hr\\\/\",\"name\":\"Studio Lish Design\",\"description\":\"\",\"potentialAction\":[{\"@type\":\"SearchAction\",\"target\":{\"@type\":\"EntryPoint\",\"urlTemplate\":\"https:\\\/\\\/studiolishdesign.hr\\\/?s={search_term_string}\"},\"query-input\":{\"@type\":\"PropertyValueSpecification\",\"valueRequired\":true,\"valueName\":\"search_term_string\"}}],\"inLanguage\":\"en-US\"}]}<\/script>\n<!-- \/ Yoast SEO plugin. -->","yoast_head_json":{"title":"Naslovna - Studio Lish Design","robots":{"index":"index","follow":"follow","max-snippet":"max-snippet:-1","max-image-preview":"max-image-preview:large","max-video-preview":"max-video-preview:-1"},"canonical":"https:\/\/studiolishdesign.hr\/","og_locale":"en_US","og_type":"article","og_title":"Naslovna - Studio Lish Design","og_description":"Dobrodo\u0161li u Studio Lish Design, mjesto gdje se strast prema dizajnu spaja s dubokim po\u0161tovanjem prema okoli\u0161u. Studio Lish Design...","og_url":"https:\/\/studiolishdesign.hr\/","og_site_name":"Studio Lish Design","article_modified_time":"2026-05-15T10:09:54+00:00","twitter_card":"summary_large_image","twitter_misc":{"Est. reading time":"2 minutes"},"schema":{"@context":"https:\/\/schema.org","@graph":[{"@type":"WebPage","@id":"https:\/\/studiolishdesign.hr\/","url":"https:\/\/studiolishdesign.hr\/","name":"Naslovna - Studio Lish Design","isPartOf":{"@id":"https:\/\/studiolishdesign.hr\/#website"},"primaryImageOfPage":{"@id":"https:\/\/studiolishdesign.hr\/#primaryimage"},"image":{"@id":"https:\/\/studiolishdesign.hr\/#primaryimage"},"thumbnailUrl":"https:\/\/studiolishdesign.hr\/wp-content\/uploads\/2025\/04\/unnamed-1-1024x577.png","datePublished":"2025-04-24T19:18:52+00:00","dateModified":"2026-05-15T10:09:54+00:00","breadcrumb":{"@id":"https:\/\/studiolishdesign.hr\/#breadcrumb"},"inLanguage":"en-US","potentialAction":[{"@type":"ReadAction","target":["https:\/\/studiolishdesign.hr\/"]}]},{"@type":"ImageObject","inLanguage":"en-US","@id":"https:\/\/studiolishdesign.hr\/#primaryimage","url":"","contentUrl":""},{"@type":"BreadcrumbList","@id":"https:\/\/studiolishdesign.hr\/#breadcrumb","itemListElement":[{"@type":"ListItem","position":1,"name":"Home","item":"https:\/\/studiolishdesign.hr\/"},{"@type":"ListItem","position":2,"name":"Naslovna"}]},{"@type":"WebSite","@id":"https:\/\/studiolishdesign.hr\/#website","url":"https:\/\/studiolishdesign.hr\/","name":"Studio Lish Design","description":"","potentialAction":[{"@type":"SearchAction","target":{"@type":"EntryPoint","urlTemplate":"https:\/\/studiolishdesign.hr\/?s={search_term_string}"},"query-input":{"@type":"PropertyValueSpecification","valueRequired":true,"valueName":"search_term_string"}}],"inLanguage":"en-US"}]}},"_links":{"self":[{"href":"https:\/\/studiolishdesign.hr\/index.php?rest_route=\/wp\/v2\/pages\/10","targetHints":{"allow":["GET"]}}],"collection":[{"href":"https:\/\/studiolishdesign.hr\/index.php?rest_route=\/wp\/v2\/pages"}],"about":[{"href":"https:\/\/studiolishdesign.hr\/index.php?rest_route=\/wp\/v2\/types\/page"}],"author":[{"embeddable":true,"href":"https:\/\/studiolishdesign.hr\/index.php?rest_route=\/wp\/v2\/users\/1"}],"replies":[{"embeddable":true,"href":"https:\/\/studiolishdesign.hr\/index.php?rest_route=%2Fwp%2Fv2%2Fcomments&post=10"}],"version-history":[{"count":2,"href":"https:\/\/studiolishdesign.hr\/index.php?rest_route=\/wp\/v2\/pages\/10\/revisions"}],"predecessor-version":[{"id":188,"href":"https:\/\/studiolishdesign.hr\/index.php?rest_route=\/wp\/v2\/pages\/10\/revisions\/188"}],"wp:attachment":[{"href":"https:\/\/studiolishdesign.hr\/index.php?rest_route=%2Fwp%2Fv2%2Fmedia&parent=10"}],"curies":[{"name":"wp","href":"https:\/\/api.w.org\/{rel}","templated":true}]}}