{"id":12,"date":"2025-04-24T19:19:10","date_gmt":"2025-04-24T19:19:10","guid":{"rendered":"https:\/\/studiolishdesign.hr\/?page_id=12"},"modified":"2026-05-15T10:11:26","modified_gmt":"2026-05-15T10:11:26","slug":"tecajevi","status":"publish","type":"page","link":"https:\/\/studiolishdesign.hr\/?page_id=12","title":{"rendered":"Te\u010dajevi i radionice &#8211; THrEad ALCHEMY"},"content":{"rendered":"<div class=\"wp-block-image\">\n<figure class=\"aligncenter size-medium\"><img decoding=\"async\" src=\"https:\/\/studiolishdesign.hr\/wp-content\/uploads\/2025\/04\/Light-Tan-and-Black-Simple-Monoline-Fashion-Fashion-Logo_20250413_091815_0000-300x300.png\" alt=\"\" class=\"wp-image-92\"\/><\/figure>\n<\/div>\n\n\n<p>Upoznajte svijet THrEad ALCHEMY, gdje se \u0161ivanje i tekstilna umjetnost pretvaraju u inspirativno iskustvo kroz raznolike te\u010dajeve i kreativne radionice.<\/p>\n\n\n\n<p><strong>TE\u010cAJEVI<\/strong><\/p>\n\n\n\n<p>Bez obzira na to jeste li potpuni po\u010detnik ili iskusni zaljubljenik u \u0161ivanje, THrEad ALCHEMY nudi te\u010dajeve prilago\u0111ene svim razinama znanja. Uz stru\u010dno vodstvo, u ugodnoj i poticajnoj atmosferi, polaznici usvajaju nove vje\u0161tine i tehnike, razvijaju svoju kreativnost i stje\u010du samopouzdanje u vlastitom stvarala\u0161tvu. U ponudi su po\u010detni, napredni i redesign te\u010daj, no ve\u0107 od jeseni bit \u0107e tu i jo\u0161 neke novosti.&nbsp;<\/p>\n\n\n\n<p><strong>RADIONICE<\/strong><\/p>\n\n\n\n<p>THrEad ALCHEMY radionice spajaju kreativnost i odr\u017eivost. Slijede\u0107i zero-waste princip, ostaci tkanina \u2013 bilo iz te\u010dajeva ili proizvodnje branda LI.SH \u2013 dobivaju novu svrhu. Od originalnog tekstilnog nakita do umjetni\u010dkih slika i dekorativnih predmeta, svaka radionica pru\u017ea priliku za eksperimentiranje i stvaranje unikatnih predmeta. Radionice su otvorene za odrasle i djecu.<\/p>\n\n\n\n<p>Pridru\u017eite se THrEad ALCHEMY i zajedno s nama stvarajte svijet u kojem otpad postaje resurs, a kreativnost ne poznaje granice.<\/p>\n\n\n\n<p>                                                                                              <br><br><\/p>\n\n\n\n<p><\/p>\n\n\n\n<p class=\"has-text-align-center has-woostify-heading-4-font-size\"><strong>Hobi te\u010dajevi \u0161ivanja<\/strong><\/p>\n\n\n\n<figure class=\"wp-block-gallery has-nested-images columns-2 is-cropped wp-block-gallery-1 is-layout-flex wp-block-gallery-is-layout-flex\">\n<figure class=\"wp-block-image size-large\"><img decoding=\"async\" data-id=\"105\" src=\"https:\/\/studiolishdesign.hr\/wp-content\/uploads\/2025\/04\/20250306_192118-1-768x1024.jpg\" alt=\"\" class=\"wp-image-105\"\/><\/figure>\n\n\n\n<figure class=\"wp-block-image size-large\"><img decoding=\"async\" data-id=\"108\" src=\"https:\/\/studiolishdesign.hr\/wp-content\/uploads\/2025\/04\/20250310_191821-1-768x1024.jpg\" alt=\"\" class=\"wp-image-108\"\/><\/figure>\n\n\n\n<figure class=\"wp-block-image size-large\"><img decoding=\"async\" data-id=\"106\" src=\"https:\/\/studiolishdesign.hr\/wp-content\/uploads\/2025\/04\/20250320_174251-1-768x1024.jpg\" alt=\"\" class=\"wp-image-106\"\/><\/figure>\n\n\n\n<figure class=\"wp-block-image size-large\"><img decoding=\"async\" data-id=\"107\" src=\"https:\/\/studiolishdesign.hr\/wp-content\/uploads\/2025\/04\/20250327_171350-1-768x1024.jpg\" alt=\"\" class=\"wp-image-107\"\/><\/figure>\n<\/figure>\n\n\n\n<p><\/p>\n\n\n\n<p class=\"has-text-align-center has-woostify-heading-4-font-size\"><br><br><strong>Radionice za djecu i odrasle<\/strong><\/p>\n\n\n\n<figure class=\"wp-block-gallery has-nested-images columns-default is-cropped wp-block-gallery-2 is-layout-flex wp-block-gallery-is-layout-flex\">\n<figure class=\"wp-block-image size-large\"><img decoding=\"async\" data-id=\"99\" src=\"https:\/\/studiolishdesign.hr\/wp-content\/uploads\/2025\/04\/20240615_120040-768x1024.jpg\" alt=\"\" class=\"wp-image-99\"\/><\/figure>\n\n\n\n<figure class=\"wp-block-image size-large\"><img decoding=\"async\" data-id=\"103\" src=\"https:\/\/studiolishdesign.hr\/wp-content\/uploads\/2025\/04\/20240615_181415-768x1024.jpg\" alt=\"\" class=\"wp-image-103\"\/><\/figure>\n\n\n\n<figure class=\"wp-block-image size-large\"><img decoding=\"async\" data-id=\"102\" src=\"https:\/\/studiolishdesign.hr\/wp-content\/uploads\/2025\/04\/20240615_181423-1024x768.jpg\" alt=\"\" class=\"wp-image-102\"\/><\/figure>\n\n\n\n<figure class=\"wp-block-image size-large\"><img decoding=\"async\" data-id=\"100\" src=\"https:\/\/studiolishdesign.hr\/wp-content\/uploads\/2025\/04\/20240615_190256-768x1024.jpg\" alt=\"\" class=\"wp-image-100\"\/><\/figure>\n\n\n\n<figure class=\"wp-block-image size-large\"><img decoding=\"async\" data-id=\"98\" src=\"https:\/\/studiolishdesign.hr\/wp-content\/uploads\/2025\/04\/20240615_190318-768x1024.jpg\" alt=\"\" class=\"wp-image-98\"\/><\/figure>\n<\/figure>\n","protected":false},"excerpt":{"rendered":"<p>Upoznajte svijet THrEad ALCHEMY, gdje se \u0161ivanje i tekstilna umjetnost pretvaraju u inspirativno iskustvo kroz raznolike te\u010dajeve i kreativne radionice&#8230;.<\/p>\n","protected":false},"author":1,"featured_media":0,"parent":0,"menu_order":0,"comment_status":"closed","ping_status":"closed","template":"","meta":{"footnotes":""},"class_list":["post-12","page","type-page","status-publish","hentry"],"yoast_head":"<!-- This site is optimized with the Yoast SEO plugin v27.6 - https:\/\/yoast.com\/product\/yoast-seo-wordpress\/ -->\n<title>Te\u010dajevi i radionice - THrEad ALCHEMY - Studio Lish Design<\/title>\n<meta name=\"robots\" content=\"index, follow, max-snippet:-1, max-image-preview:large, max-video-preview:-1\" \/>\n<link rel=\"canonical\" href=\"https:\/\/studiolishdesign.hr\/?page_id=12\" \/>\n<meta property=\"og:locale\" content=\"en_US\" \/>\n<meta property=\"og:type\" content=\"article\" \/>\n<meta property=\"og:title\" content=\"Te\u010dajevi i radionice - THrEad ALCHEMY - Studio Lish Design\" \/>\n<meta property=\"og:description\" content=\"Upoznajte svijet THrEad ALCHEMY, gdje se \u0161ivanje i tekstilna umjetnost pretvaraju u inspirativno iskustvo kroz raznolike te\u010dajeve i kreativne radionice....\" \/>\n<meta property=\"og:url\" content=\"https:\/\/studiolishdesign.hr\/?page_id=12\" \/>\n<meta property=\"og:site_name\" content=\"Studio Lish Design\" \/>\n<meta property=\"article:modified_time\" content=\"2026-05-15T10:11:26+00:00\" \/>\n<meta name=\"twitter:card\" content=\"summary_large_image\" \/>\n<meta name=\"twitter:label1\" content=\"Est. reading time\" \/>\n\t<meta name=\"twitter:data1\" content=\"3 minutes\" \/>\n<script type=\"application\/ld+json\" class=\"yoast-schema-graph\">{\"@context\":\"https:\\\/\\\/schema.org\",\"@graph\":[{\"@type\":\"WebPage\",\"@id\":\"https:\\\/\\\/studiolishdesign.hr\\\/?page_id=12\",\"url\":\"https:\\\/\\\/studiolishdesign.hr\\\/?page_id=12\",\"name\":\"Te\u010dajevi i radionice - THrEad ALCHEMY - Studio Lish Design\",\"isPartOf\":{\"@id\":\"https:\\\/\\\/studiolishdesign.hr\\\/#website\"},\"primaryImageOfPage\":{\"@id\":\"https:\\\/\\\/studiolishdesign.hr\\\/?page_id=12#primaryimage\"},\"image\":{\"@id\":\"https:\\\/\\\/studiolishdesign.hr\\\/?page_id=12#primaryimage\"},\"thumbnailUrl\":\"https:\\\/\\\/studiolishdesign.hr\\\/wp-content\\\/uploads\\\/2025\\\/04\\\/Light-Tan-and-Black-Simple-Monoline-Fashion-Fashion-Logo_20250413_091815_0000-300x300.png\",\"datePublished\":\"2025-04-24T19:19:10+00:00\",\"dateModified\":\"2026-05-15T10:11:26+00:00\",\"breadcrumb\":{\"@id\":\"https:\\\/\\\/studiolishdesign.hr\\\/?page_id=12#breadcrumb\"},\"inLanguage\":\"en-US\",\"potentialAction\":[{\"@type\":\"ReadAction\",\"target\":[\"https:\\\/\\\/studiolishdesign.hr\\\/?page_id=12\"]}]},{\"@type\":\"ImageObject\",\"inLanguage\":\"en-US\",\"@id\":\"https:\\\/\\\/studiolishdesign.hr\\\/?page_id=12#primaryimage\",\"url\":\"\",\"contentUrl\":\"\"},{\"@type\":\"BreadcrumbList\",\"@id\":\"https:\\\/\\\/studiolishdesign.hr\\\/?page_id=12#breadcrumb\",\"itemListElement\":[{\"@type\":\"ListItem\",\"position\":1,\"name\":\"Home\",\"item\":\"https:\\\/\\\/studiolishdesign.hr\\\/\"},{\"@type\":\"ListItem\",\"position\":2,\"name\":\"Te\u010dajevi i radionice &#8211; THrEad ALCHEMY\"}]},{\"@type\":\"WebSite\",\"@id\":\"https:\\\/\\\/studiolishdesign.hr\\\/#website\",\"url\":\"https:\\\/\\\/studiolishdesign.hr\\\/\",\"name\":\"Studio Lish Design\",\"description\":\"\",\"potentialAction\":[{\"@type\":\"SearchAction\",\"target\":{\"@type\":\"EntryPoint\",\"urlTemplate\":\"https:\\\/\\\/studiolishdesign.hr\\\/?s={search_term_string}\"},\"query-input\":{\"@type\":\"PropertyValueSpecification\",\"valueRequired\":true,\"valueName\":\"search_term_string\"}}],\"inLanguage\":\"en-US\"}]}<\/script>\n<!-- \/ Yoast SEO plugin. -->","yoast_head_json":{"title":"Te\u010dajevi i radionice - THrEad ALCHEMY - Studio Lish Design","robots":{"index":"index","follow":"follow","max-snippet":"max-snippet:-1","max-image-preview":"max-image-preview:large","max-video-preview":"max-video-preview:-1"},"canonical":"https:\/\/studiolishdesign.hr\/?page_id=12","og_locale":"en_US","og_type":"article","og_title":"Te\u010dajevi i radionice - THrEad ALCHEMY - Studio Lish Design","og_description":"Upoznajte svijet THrEad ALCHEMY, gdje se \u0161ivanje i tekstilna umjetnost pretvaraju u inspirativno iskustvo kroz raznolike te\u010dajeve i kreativne radionice....","og_url":"https:\/\/studiolishdesign.hr\/?page_id=12","og_site_name":"Studio Lish Design","article_modified_time":"2026-05-15T10:11:26+00:00","twitter_card":"summary_large_image","twitter_misc":{"Est. reading time":"3 minutes"},"schema":{"@context":"https:\/\/schema.org","@graph":[{"@type":"WebPage","@id":"https:\/\/studiolishdesign.hr\/?page_id=12","url":"https:\/\/studiolishdesign.hr\/?page_id=12","name":"Te\u010dajevi i radionice - THrEad ALCHEMY - Studio Lish Design","isPartOf":{"@id":"https:\/\/studiolishdesign.hr\/#website"},"primaryImageOfPage":{"@id":"https:\/\/studiolishdesign.hr\/?page_id=12#primaryimage"},"image":{"@id":"https:\/\/studiolishdesign.hr\/?page_id=12#primaryimage"},"thumbnailUrl":"https:\/\/studiolishdesign.hr\/wp-content\/uploads\/2025\/04\/Light-Tan-and-Black-Simple-Monoline-Fashion-Fashion-Logo_20250413_091815_0000-300x300.png","datePublished":"2025-04-24T19:19:10+00:00","dateModified":"2026-05-15T10:11:26+00:00","breadcrumb":{"@id":"https:\/\/studiolishdesign.hr\/?page_id=12#breadcrumb"},"inLanguage":"en-US","potentialAction":[{"@type":"ReadAction","target":["https:\/\/studiolishdesign.hr\/?page_id=12"]}]},{"@type":"ImageObject","inLanguage":"en-US","@id":"https:\/\/studiolishdesign.hr\/?page_id=12#primaryimage","url":"","contentUrl":""},{"@type":"BreadcrumbList","@id":"https:\/\/studiolishdesign.hr\/?page_id=12#breadcrumb","itemListElement":[{"@type":"ListItem","position":1,"name":"Home","item":"https:\/\/studiolishdesign.hr\/"},{"@type":"ListItem","position":2,"name":"Te\u010dajevi i radionice &#8211; THrEad ALCHEMY"}]},{"@type":"WebSite","@id":"https:\/\/studiolishdesign.hr\/#website","url":"https:\/\/studiolishdesign.hr\/","name":"Studio Lish Design","description":"","potentialAction":[{"@type":"SearchAction","target":{"@type":"EntryPoint","urlTemplate":"https:\/\/studiolishdesign.hr\/?s={search_term_string}"},"query-input":{"@type":"PropertyValueSpecification","valueRequired":true,"valueName":"search_term_string"}}],"inLanguage":"en-US"}]}},"_links":{"self":[{"href":"https:\/\/studiolishdesign.hr\/index.php?rest_route=\/wp\/v2\/pages\/12","targetHints":{"allow":["GET"]}}],"collection":[{"href":"https:\/\/studiolishdesign.hr\/index.php?rest_route=\/wp\/v2\/pages"}],"about":[{"href":"https:\/\/studiolishdesign.hr\/index.php?rest_route=\/wp\/v2\/types\/page"}],"author":[{"embeddable":true,"href":"https:\/\/studiolishdesign.hr\/index.php?rest_route=\/wp\/v2\/users\/1"}],"replies":[{"embeddable":true,"href":"https:\/\/studiolishdesign.hr\/index.php?rest_route=%2Fwp%2Fv2%2Fcomments&post=12"}],"version-history":[{"count":1,"href":"https:\/\/studiolishdesign.hr\/index.php?rest_route=\/wp\/v2\/pages\/12\/revisions"}],"predecessor-version":[{"id":187,"href":"https:\/\/studiolishdesign.hr\/index.php?rest_route=\/wp\/v2\/pages\/12\/revisions\/187"}],"wp:attachment":[{"href":"https:\/\/studiolishdesign.hr\/index.php?rest_route=%2Fwp%2Fv2%2Fmedia&parent=12"}],"curies":[{"name":"wp","href":"https:\/\/api.w.org\/{rel}","templated":true}]}}