{"id":16,"date":"2025-04-24T19:19:50","date_gmt":"2025-04-24T19:19:50","guid":{"rendered":"https:\/\/studiolishdesign.hr\/?page_id=16"},"modified":"2026-05-15T10:11:09","modified_gmt":"2026-05-15T10:11:09","slug":"brand","status":"publish","type":"page","link":"https:\/\/studiolishdesign.hr\/?page_id=16","title":{"rendered":"Brand &#8211; LI.SH"},"content":{"rendered":"<div class=\"wp-block-image is-style-default\">\n<figure class=\"aligncenter size-medium\"><img decoding=\"async\" src=\"https:\/\/studiolishdesign.hr\/wp-content\/uploads\/2025\/04\/1000032407-300x167.jpg\" alt=\"\" class=\"wp-image-33\"\/><\/figure>\n<\/div>\n\n\n<p>Svaki LI.SH komad rezultat je pa\u017eljivo promi\u0161ljenog dizajna i beskompromisne kvalitete. Inspiriran idejom mode koja traje, a ne podlije\u017ee prolaznim trendovima, LI.SH donosi odje\u0107u koja se prilago\u0111ava va\u0161em \u017eivotnom ritmu i osobnom stilu. Poseban naglasak stavljen je na multifunkcionalne komade \u2013 jedan dan udobna haljina, drugi maksi suknja, tre\u0107i statement komad koji privla\u010di poglede.<\/p>\n\n\n\n<p><strong>Filozofija LI.SH brenda<\/strong><\/p>\n\n\n\n<p>Manje, ali bolje. Kvaliteta uvijek dolazi prije kvantitete. Svaki odjevni komad izra\u0111en je od pa\u017eljivo odabranih materijala, s posve\u0107eno\u0161\u0107u svakom detalju, \u0161to osigurava dugovje\u010dnost i nosivost kroz vi\u0161e sezona. LI.SH odje\u0107a ne poznaje rok trajanja \u2013 ona se nosi, voli i \u010duva.<\/p>\n\n\n\n<p><strong>\u0160to LI.SH \u010dini druga\u010dijim?<\/strong><\/p>\n\n\n\n<p>\u2022 Kvalitetni materijali koji osiguravaju dugotrajnost<\/p>\n\n\n\n<p>\u2022 Bezvremenski dizajn koji nadilazi sezonske trendove<\/p>\n\n\n\n<p>\u2022 Inovativni multifunkcionalni komadi prilagodljivi svakom stilu<\/p>\n\n\n\n<p>\u2022 Udobnost bez kompromisa na estetiku<\/p>\n\n\n\n<p>\u2022 Odr\u017eivi pristup modi s naglaskom na odgovornu proizvodnju<\/p>\n\n\n\n<p>\u2022 Zero-waste filozofija u dizajnu i proizvodnji<\/p>\n\n\n\n<p>\u2022 Kolekcije koje podr\u017eavaju ideju manjeg, ali kvalitetnijeg ormara<\/p>\n\n\n\n<p>Svaki kroj osmi\u0161ljen je tako da maksimalno iskoristi tkaninu i smanji otpad. Materijali koji ostanu u proizvodnom procesu ne bacaju se, ve\u0107 dobivaju novi \u017eivot \u2013 transformiraju se u nove proizvode, pridonose\u0107i kru\u017enoj odr\u017eivosti brenda. To nije samo na\u010din rada, ve\u0107 jasna vizija o odgovornoj i promi\u0161ljenoj modi.<\/p>\n\n\n\n<p>LI.SH nije samo odje\u0107a \u2013 to je filozofija mode koja po\u0161tuje resurse, njeguje kreativnost i stvara bezvremenske komade. <\/p>\n\n\n\n<p>Doznajte vi\u0161e na Facebook stranici:<\/p>\n\n\n\n<figure class=\"wp-block-image size-thumbnail is-style-rounded\"><a href=\"https:\/\/www.facebook.com\/profile.php?id=100057519764975\"><img decoding=\"async\" src=\"https:\/\/studiolishdesign.hr\/wp-content\/uploads\/2025\/04\/15707884-150x150.png\" alt=\"\" class=\"wp-image-51\"\/><\/a><\/figure>\n\n\n\n<figure class=\"wp-block-gallery has-nested-images columns-default wp-block-gallery-1 is-layout-flex wp-block-gallery-is-layout-flex\">\n<figure class=\"wp-block-image size-large\"><img decoding=\"async\" data-id=\"71\" src=\"https:\/\/studiolishdesign.hr\/wp-content\/uploads\/2025\/04\/MAR_1666-2-681x1024.jpg\" alt=\"\" class=\"wp-image-71\"\/><\/figure>\n\n\n\n<figure class=\"wp-block-image size-large\"><img decoding=\"async\" data-id=\"70\" src=\"https:\/\/studiolishdesign.hr\/wp-content\/uploads\/2025\/04\/MAR_4825-2-681x1024.jpg\" alt=\"\" class=\"wp-image-70\"\/><\/figure>\n\n\n\n<figure class=\"wp-block-image size-large\"><img decoding=\"async\" data-id=\"72\" src=\"https:\/\/studiolishdesign.hr\/wp-content\/uploads\/2025\/04\/MAR_9113-1-681x1024.jpg\" alt=\"\" class=\"wp-image-72\"\/><\/figure>\n\n\n\n<figure class=\"wp-block-image size-large\"><img decoding=\"async\" data-id=\"79\" src=\"https:\/\/studiolishdesign.hr\/wp-content\/uploads\/2025\/04\/1000038536.jpg\" alt=\"\" class=\"wp-image-79\"\/><\/figure>\n\n\n\n<figure class=\"wp-block-image size-large\"><img decoding=\"async\" data-id=\"80\" src=\"https:\/\/studiolishdesign.hr\/wp-content\/uploads\/2025\/04\/1000038537-2.jpg\" alt=\"\" class=\"wp-image-80\"\/><\/figure>\n<\/figure>\n\n\n\n<figure class=\"wp-block-gallery has-nested-images columns-default is-cropped wp-block-gallery-2 is-layout-flex wp-block-gallery-is-layout-flex\">\n<figure class=\"wp-block-image size-large\"><img decoding=\"async\" data-id=\"82\" src=\"https:\/\/studiolishdesign.hr\/wp-content\/uploads\/2025\/04\/MAR_1678-1024x681.jpg\" alt=\"\" class=\"wp-image-82\"\/><\/figure>\n\n\n\n<figure class=\"wp-block-image size-large\"><img decoding=\"async\" data-id=\"83\" src=\"https:\/\/studiolishdesign.hr\/wp-content\/uploads\/2025\/04\/MAR_9170-2-1024x681.jpg\" alt=\"\" class=\"wp-image-83\"\/><\/figure>\n<\/figure>\n\n\n\n<figure class=\"wp-block-gallery has-nested-images columns-default is-cropped wp-block-gallery-3 is-layout-flex wp-block-gallery-is-layout-flex\">\n<figure class=\"wp-block-image size-large\"><img decoding=\"async\" data-id=\"84\" src=\"https:\/\/studiolishdesign.hr\/wp-content\/uploads\/2025\/04\/MAR_4862-681x1024.jpg\" alt=\"\" class=\"wp-image-84\"\/><\/figure>\n\n\n\n<figure class=\"wp-block-image size-large\"><img decoding=\"async\" data-id=\"85\" src=\"https:\/\/studiolishdesign.hr\/wp-content\/uploads\/2025\/04\/MAR_9086-681x1024.jpg\" alt=\"\" class=\"wp-image-85\"\/><\/figure>\n\n\n\n<figure class=\"wp-block-image size-large\"><img decoding=\"async\" data-id=\"86\" src=\"https:\/\/studiolishdesign.hr\/wp-content\/uploads\/2025\/04\/MAR_9149-1-2-681x1024.jpg\" alt=\"\" class=\"wp-image-86\"\/><\/figure>\n<\/figure>\n","protected":false},"excerpt":{"rendered":"<p>Svaki LI.SH komad rezultat je pa\u017eljivo promi\u0161ljenog dizajna i beskompromisne kvalitete. Inspiriran idejom mode koja traje, a ne podlije\u017ee prolaznim&#8230;<\/p>\n","protected":false},"author":1,"featured_media":0,"parent":0,"menu_order":0,"comment_status":"closed","ping_status":"closed","template":"","meta":{"footnotes":""},"class_list":["post-16","page","type-page","status-publish","hentry"],"yoast_head":"<!-- This site is optimized with the Yoast SEO plugin v27.6 - https:\/\/yoast.com\/product\/yoast-seo-wordpress\/ -->\n<title>Brand - LI.SH - Studio Lish Design<\/title>\n<meta name=\"robots\" content=\"index, follow, max-snippet:-1, max-image-preview:large, max-video-preview:-1\" \/>\n<link rel=\"canonical\" href=\"https:\/\/studiolishdesign.hr\/?page_id=16\" \/>\n<meta property=\"og:locale\" content=\"en_US\" \/>\n<meta property=\"og:type\" content=\"article\" \/>\n<meta property=\"og:title\" content=\"Brand - LI.SH - Studio Lish Design\" \/>\n<meta property=\"og:description\" content=\"Svaki LI.SH komad rezultat je pa\u017eljivo promi\u0161ljenog dizajna i beskompromisne kvalitete. Inspiriran idejom mode koja traje, a ne podlije\u017ee prolaznim...\" \/>\n<meta property=\"og:url\" content=\"https:\/\/studiolishdesign.hr\/?page_id=16\" \/>\n<meta property=\"og:site_name\" content=\"Studio Lish Design\" \/>\n<meta property=\"article:modified_time\" content=\"2026-05-15T10:11:09+00:00\" \/>\n<meta name=\"twitter:card\" content=\"summary_large_image\" \/>\n<script type=\"application\/ld+json\" class=\"yoast-schema-graph\">{\"@context\":\"https:\\\/\\\/schema.org\",\"@graph\":[{\"@type\":\"WebPage\",\"@id\":\"https:\\\/\\\/studiolishdesign.hr\\\/?page_id=16\",\"url\":\"https:\\\/\\\/studiolishdesign.hr\\\/?page_id=16\",\"name\":\"Brand - LI.SH - Studio Lish Design\",\"isPartOf\":{\"@id\":\"https:\\\/\\\/studiolishdesign.hr\\\/#website\"},\"primaryImageOfPage\":{\"@id\":\"https:\\\/\\\/studiolishdesign.hr\\\/?page_id=16#primaryimage\"},\"image\":{\"@id\":\"https:\\\/\\\/studiolishdesign.hr\\\/?page_id=16#primaryimage\"},\"thumbnailUrl\":\"https:\\\/\\\/studiolishdesign.hr\\\/wp-content\\\/uploads\\\/2025\\\/04\\\/1000032407-300x167.jpg\",\"datePublished\":\"2025-04-24T19:19:50+00:00\",\"dateModified\":\"2026-05-15T10:11:09+00:00\",\"breadcrumb\":{\"@id\":\"https:\\\/\\\/studiolishdesign.hr\\\/?page_id=16#breadcrumb\"},\"inLanguage\":\"en-US\",\"potentialAction\":[{\"@type\":\"ReadAction\",\"target\":[\"https:\\\/\\\/studiolishdesign.hr\\\/?page_id=16\"]}]},{\"@type\":\"ImageObject\",\"inLanguage\":\"en-US\",\"@id\":\"https:\\\/\\\/studiolishdesign.hr\\\/?page_id=16#primaryimage\",\"url\":\"\",\"contentUrl\":\"\"},{\"@type\":\"BreadcrumbList\",\"@id\":\"https:\\\/\\\/studiolishdesign.hr\\\/?page_id=16#breadcrumb\",\"itemListElement\":[{\"@type\":\"ListItem\",\"position\":1,\"name\":\"Home\",\"item\":\"https:\\\/\\\/studiolishdesign.hr\\\/\"},{\"@type\":\"ListItem\",\"position\":2,\"name\":\"Brand &#8211; LI.SH\"}]},{\"@type\":\"WebSite\",\"@id\":\"https:\\\/\\\/studiolishdesign.hr\\\/#website\",\"url\":\"https:\\\/\\\/studiolishdesign.hr\\\/\",\"name\":\"Studio Lish Design\",\"description\":\"\",\"potentialAction\":[{\"@type\":\"SearchAction\",\"target\":{\"@type\":\"EntryPoint\",\"urlTemplate\":\"https:\\\/\\\/studiolishdesign.hr\\\/?s={search_term_string}\"},\"query-input\":{\"@type\":\"PropertyValueSpecification\",\"valueRequired\":true,\"valueName\":\"search_term_string\"}}],\"inLanguage\":\"en-US\"}]}<\/script>\n<!-- \/ Yoast SEO plugin. -->","yoast_head_json":{"title":"Brand - LI.SH - Studio Lish Design","robots":{"index":"index","follow":"follow","max-snippet":"max-snippet:-1","max-image-preview":"max-image-preview:large","max-video-preview":"max-video-preview:-1"},"canonical":"https:\/\/studiolishdesign.hr\/?page_id=16","og_locale":"en_US","og_type":"article","og_title":"Brand - LI.SH - Studio Lish Design","og_description":"Svaki LI.SH komad rezultat je pa\u017eljivo promi\u0161ljenog dizajna i beskompromisne kvalitete. Inspiriran idejom mode koja traje, a ne podlije\u017ee prolaznim...","og_url":"https:\/\/studiolishdesign.hr\/?page_id=16","og_site_name":"Studio Lish Design","article_modified_time":"2026-05-15T10:11:09+00:00","twitter_card":"summary_large_image","schema":{"@context":"https:\/\/schema.org","@graph":[{"@type":"WebPage","@id":"https:\/\/studiolishdesign.hr\/?page_id=16","url":"https:\/\/studiolishdesign.hr\/?page_id=16","name":"Brand - LI.SH - Studio Lish Design","isPartOf":{"@id":"https:\/\/studiolishdesign.hr\/#website"},"primaryImageOfPage":{"@id":"https:\/\/studiolishdesign.hr\/?page_id=16#primaryimage"},"image":{"@id":"https:\/\/studiolishdesign.hr\/?page_id=16#primaryimage"},"thumbnailUrl":"https:\/\/studiolishdesign.hr\/wp-content\/uploads\/2025\/04\/1000032407-300x167.jpg","datePublished":"2025-04-24T19:19:50+00:00","dateModified":"2026-05-15T10:11:09+00:00","breadcrumb":{"@id":"https:\/\/studiolishdesign.hr\/?page_id=16#breadcrumb"},"inLanguage":"en-US","potentialAction":[{"@type":"ReadAction","target":["https:\/\/studiolishdesign.hr\/?page_id=16"]}]},{"@type":"ImageObject","inLanguage":"en-US","@id":"https:\/\/studiolishdesign.hr\/?page_id=16#primaryimage","url":"","contentUrl":""},{"@type":"BreadcrumbList","@id":"https:\/\/studiolishdesign.hr\/?page_id=16#breadcrumb","itemListElement":[{"@type":"ListItem","position":1,"name":"Home","item":"https:\/\/studiolishdesign.hr\/"},{"@type":"ListItem","position":2,"name":"Brand &#8211; LI.SH"}]},{"@type":"WebSite","@id":"https:\/\/studiolishdesign.hr\/#website","url":"https:\/\/studiolishdesign.hr\/","name":"Studio Lish Design","description":"","potentialAction":[{"@type":"SearchAction","target":{"@type":"EntryPoint","urlTemplate":"https:\/\/studiolishdesign.hr\/?s={search_term_string}"},"query-input":{"@type":"PropertyValueSpecification","valueRequired":true,"valueName":"search_term_string"}}],"inLanguage":"en-US"}]}},"_links":{"self":[{"href":"https:\/\/studiolishdesign.hr\/index.php?rest_route=\/wp\/v2\/pages\/16","targetHints":{"allow":["GET"]}}],"collection":[{"href":"https:\/\/studiolishdesign.hr\/index.php?rest_route=\/wp\/v2\/pages"}],"about":[{"href":"https:\/\/studiolishdesign.hr\/index.php?rest_route=\/wp\/v2\/types\/page"}],"author":[{"embeddable":true,"href":"https:\/\/studiolishdesign.hr\/index.php?rest_route=\/wp\/v2\/users\/1"}],"replies":[{"embeddable":true,"href":"https:\/\/studiolishdesign.hr\/index.php?rest_route=%2Fwp%2Fv2%2Fcomments&post=16"}],"version-history":[{"count":1,"href":"https:\/\/studiolishdesign.hr\/index.php?rest_route=\/wp\/v2\/pages\/16\/revisions"}],"predecessor-version":[{"id":183,"href":"https:\/\/studiolishdesign.hr\/index.php?rest_route=\/wp\/v2\/pages\/16\/revisions\/183"}],"wp:attachment":[{"href":"https:\/\/studiolishdesign.hr\/index.php?rest_route=%2Fwp%2Fv2%2Fmedia&parent=16"}],"curies":[{"name":"wp","href":"https:\/\/api.w.org\/{rel}","templated":true}]}}