{"id":20,"date":"2025-04-24T19:20:13","date_gmt":"2025-04-24T19:20:13","guid":{"rendered":"https:\/\/studiolishdesign.hr\/?page_id=20"},"modified":"2026-05-15T10:10:56","modified_gmt":"2026-05-15T10:10:56","slug":"o-meni","status":"publish","type":"page","link":"https:\/\/studiolishdesign.hr\/?page_id=20","title":{"rendered":"O meni"},"content":{"rendered":"\n<p><strong>Lidija \u0160pac i Studio Lish Design: Pri\u010da o ljubavi, odr\u017eivosti i kreativnosti<\/strong><\/p>\n\n\n\n<p>Moje ime je Lidija \u0160pac, i stojim iza Studija Lish Design, mjesta gdje se moja dugogodi\u0161nja ljubav prema \u0161ivanju i kreativnosti prepli\u0107e s vizijom odr\u017eive i kvalitetne mode. Studio Lish Design zapravo su dva srca koja kucaju u istom ritmu: modni brand <strong>LI.SH<\/strong> i <strong>edukativne radionice \u0161ivanja<\/strong>.<\/p>\n\n\n\n<p>\u0160ivanje je moja prva i prava ljubav. Jo\u0161 od najranijih dana, igla i konac bili su moji vjerni saveznici u stvaranju. \u017divotni put me vodio kroz razli\u010dite vode &#8211; od marketinga i novinarstva, preko dugogodi\u0161njeg vo\u0111enja plesnih te\u010dajeva i kreiranja plesnih kostima, no nit vodilja oduvijek je bila kreativnost i \u017eelja za stvaranjem ne\u010deg posebnog.<\/p>\n\n\n\n<p>Tako je nastao i moj modni brand. Na svojim po\u010decima poznat kao Lyvadia Stuff, s vremenom je sazrio i preoblikovao se u <strong>LI.SH<\/strong>. Ovim povratkom korijenima, \u017eeljela sam naglasiti ono \u0161to mi je od samog po\u010detka bilo najva\u017enije: stvarati odje\u0107u koja je istovremeno <strong>neobi\u010dna i nosiva<\/strong>, <strong>dugotrajna<\/strong> zahvaljuju\u0107i visokokvalitetnim tkaninama, te <strong>multifunkcionalna<\/strong>, prate\u0107i ritam modernog \u017eivota.<\/p>\n\n\n\n<p>Strastveno vjerujem da moda mo\u017ee i mora biti <strong>odgovorna i cirkularna<\/strong>. Zato neprestano istra\u017eujem na\u010dine kako kreirati odjevne predmete koji se mogu maksimalno kombinirati, smanjuju\u0107i potrebu za gomilanjem odje\u0107e. Jednako me tako pokre\u0107e i ideja kako svesti na minimum tekstilni otpad u procesu stvaranja.<\/p>\n\n\n\n<p>Drugi, jednako va\u017ean dio Studija Lish Design su <strong>hobi te\u010dajevi \u0161ivanja i radionice za odrasle i djecu<\/strong>. Kroz njih imam priliku podijeliti svoju ljubav prema \u0161ivanju, potaknuti kreativnost kod drugih i prenijeti vje\u0161tine koje smatram izuzetno vrijednima. Vidjeti polaznike kako s ponosom nose svoje prve kreacije neprocjenjiv je osje\u0107aj.<\/p>\n\n\n\n<p>Iako me posao \u010desto u potpunosti zaokupi, trudim se prona\u0107i ravnote\u017eu i u\u017eivati u slobodnom vremenu. Ono je naj\u010de\u0161\u0107e rezervirano za moju vjernu \u010detverono\u017enu pratiteljicu Nalu, opu\u0161tanje uz dobru knjigu, odlazak na koncerte ili dru\u017eenje s dragim ljudima.<\/p>\n\n\n\n<p>Studio Lish Design je odraz mene same &#8211; spoj kreativnosti, odgovornosti i ljubavi prema stvaranju. Veselim se dijeliti svoju pri\u010du i svoje kreacije s vama!<\/p>\n","protected":false},"excerpt":{"rendered":"<p>Lidija \u0160pac i Studio Lish Design: Pri\u010da o ljubavi, odr\u017eivosti i kreativnosti Moje ime je Lidija \u0160pac, i stojim iza&#8230;<\/p>\n","protected":false},"author":1,"featured_media":0,"parent":0,"menu_order":0,"comment_status":"closed","ping_status":"closed","template":"","meta":{"footnotes":""},"class_list":["post-20","page","type-page","status-publish","hentry"],"yoast_head":"<!-- This site is optimized with the Yoast SEO plugin v27.6 - https:\/\/yoast.com\/product\/yoast-seo-wordpress\/ -->\n<title>O meni - Studio Lish Design<\/title>\n<meta name=\"robots\" content=\"index, follow, max-snippet:-1, max-image-preview:large, max-video-preview:-1\" \/>\n<link rel=\"canonical\" href=\"https:\/\/studiolishdesign.hr\/?page_id=20\" \/>\n<meta property=\"og:locale\" content=\"en_US\" \/>\n<meta property=\"og:type\" content=\"article\" \/>\n<meta property=\"og:title\" content=\"O meni - Studio Lish Design\" \/>\n<meta property=\"og:description\" content=\"Lidija \u0160pac i Studio Lish Design: Pri\u010da o ljubavi, odr\u017eivosti i kreativnosti Moje ime je Lidija \u0160pac, i stojim iza...\" \/>\n<meta property=\"og:url\" content=\"https:\/\/studiolishdesign.hr\/?page_id=20\" \/>\n<meta property=\"og:site_name\" content=\"Studio Lish Design\" \/>\n<meta property=\"article:modified_time\" content=\"2026-05-15T10:10:56+00:00\" \/>\n<meta name=\"twitter:card\" content=\"summary_large_image\" \/>\n<meta name=\"twitter:label1\" content=\"Est. reading time\" \/>\n\t<meta name=\"twitter:data1\" content=\"2 minutes\" \/>\n<script type=\"application\/ld+json\" class=\"yoast-schema-graph\">{\"@context\":\"https:\\\/\\\/schema.org\",\"@graph\":[{\"@type\":\"WebPage\",\"@id\":\"https:\\\/\\\/studiolishdesign.hr\\\/?page_id=20\",\"url\":\"https:\\\/\\\/studiolishdesign.hr\\\/?page_id=20\",\"name\":\"O meni - Studio Lish Design\",\"isPartOf\":{\"@id\":\"https:\\\/\\\/studiolishdesign.hr\\\/#website\"},\"datePublished\":\"2025-04-24T19:20:13+00:00\",\"dateModified\":\"2026-05-15T10:10:56+00:00\",\"breadcrumb\":{\"@id\":\"https:\\\/\\\/studiolishdesign.hr\\\/?page_id=20#breadcrumb\"},\"inLanguage\":\"en-US\",\"potentialAction\":[{\"@type\":\"ReadAction\",\"target\":[\"https:\\\/\\\/studiolishdesign.hr\\\/?page_id=20\"]}]},{\"@type\":\"BreadcrumbList\",\"@id\":\"https:\\\/\\\/studiolishdesign.hr\\\/?page_id=20#breadcrumb\",\"itemListElement\":[{\"@type\":\"ListItem\",\"position\":1,\"name\":\"Home\",\"item\":\"https:\\\/\\\/studiolishdesign.hr\\\/\"},{\"@type\":\"ListItem\",\"position\":2,\"name\":\"O meni\"}]},{\"@type\":\"WebSite\",\"@id\":\"https:\\\/\\\/studiolishdesign.hr\\\/#website\",\"url\":\"https:\\\/\\\/studiolishdesign.hr\\\/\",\"name\":\"Studio Lish Design\",\"description\":\"\",\"potentialAction\":[{\"@type\":\"SearchAction\",\"target\":{\"@type\":\"EntryPoint\",\"urlTemplate\":\"https:\\\/\\\/studiolishdesign.hr\\\/?s={search_term_string}\"},\"query-input\":{\"@type\":\"PropertyValueSpecification\",\"valueRequired\":true,\"valueName\":\"search_term_string\"}}],\"inLanguage\":\"en-US\"}]}<\/script>\n<!-- \/ Yoast SEO plugin. -->","yoast_head_json":{"title":"O meni - Studio Lish Design","robots":{"index":"index","follow":"follow","max-snippet":"max-snippet:-1","max-image-preview":"max-image-preview:large","max-video-preview":"max-video-preview:-1"},"canonical":"https:\/\/studiolishdesign.hr\/?page_id=20","og_locale":"en_US","og_type":"article","og_title":"O meni - Studio Lish Design","og_description":"Lidija \u0160pac i Studio Lish Design: Pri\u010da o ljubavi, odr\u017eivosti i kreativnosti Moje ime je Lidija \u0160pac, i stojim iza...","og_url":"https:\/\/studiolishdesign.hr\/?page_id=20","og_site_name":"Studio Lish Design","article_modified_time":"2026-05-15T10:10:56+00:00","twitter_card":"summary_large_image","twitter_misc":{"Est. reading time":"2 minutes"},"schema":{"@context":"https:\/\/schema.org","@graph":[{"@type":"WebPage","@id":"https:\/\/studiolishdesign.hr\/?page_id=20","url":"https:\/\/studiolishdesign.hr\/?page_id=20","name":"O meni - Studio Lish Design","isPartOf":{"@id":"https:\/\/studiolishdesign.hr\/#website"},"datePublished":"2025-04-24T19:20:13+00:00","dateModified":"2026-05-15T10:10:56+00:00","breadcrumb":{"@id":"https:\/\/studiolishdesign.hr\/?page_id=20#breadcrumb"},"inLanguage":"en-US","potentialAction":[{"@type":"ReadAction","target":["https:\/\/studiolishdesign.hr\/?page_id=20"]}]},{"@type":"BreadcrumbList","@id":"https:\/\/studiolishdesign.hr\/?page_id=20#breadcrumb","itemListElement":[{"@type":"ListItem","position":1,"name":"Home","item":"https:\/\/studiolishdesign.hr\/"},{"@type":"ListItem","position":2,"name":"O meni"}]},{"@type":"WebSite","@id":"https:\/\/studiolishdesign.hr\/#website","url":"https:\/\/studiolishdesign.hr\/","name":"Studio Lish Design","description":"","potentialAction":[{"@type":"SearchAction","target":{"@type":"EntryPoint","urlTemplate":"https:\/\/studiolishdesign.hr\/?s={search_term_string}"},"query-input":{"@type":"PropertyValueSpecification","valueRequired":true,"valueName":"search_term_string"}}],"inLanguage":"en-US"}]}},"_links":{"self":[{"href":"https:\/\/studiolishdesign.hr\/index.php?rest_route=\/wp\/v2\/pages\/20","targetHints":{"allow":["GET"]}}],"collection":[{"href":"https:\/\/studiolishdesign.hr\/index.php?rest_route=\/wp\/v2\/pages"}],"about":[{"href":"https:\/\/studiolishdesign.hr\/index.php?rest_route=\/wp\/v2\/types\/page"}],"author":[{"embeddable":true,"href":"https:\/\/studiolishdesign.hr\/index.php?rest_route=\/wp\/v2\/users\/1"}],"replies":[{"embeddable":true,"href":"https:\/\/studiolishdesign.hr\/index.php?rest_route=%2Fwp%2Fv2%2Fcomments&post=20"}],"version-history":[{"count":1,"href":"https:\/\/studiolishdesign.hr\/index.php?rest_route=\/wp\/v2\/pages\/20\/revisions"}],"predecessor-version":[{"id":186,"href":"https:\/\/studiolishdesign.hr\/index.php?rest_route=\/wp\/v2\/pages\/20\/revisions\/186"}],"wp:attachment":[{"href":"https:\/\/studiolishdesign.hr\/index.php?rest_route=%2Fwp%2Fv2%2Fmedia&parent=20"}],"curies":[{"name":"wp","href":"https:\/\/api.w.org\/{rel}","templated":true}]}}